{"id":6384,"date":"2023-06-19T10:19:36","date_gmt":"2023-06-19T08:19:36","guid":{"rendered":"https:\/\/www.galeriariver.com\/faq\/"},"modified":"2026-02-18T12:14:26","modified_gmt":"2026-02-18T11:14:26","slug":"pogosta-vprasanja","status":"publish","type":"page","link":"https:\/\/www.galeriariver.com\/sl\/pogosta-vprasanja\/","title":{"rendered":"Pogosta vpra\u0161anja"},"content":{"rendered":"","protected":false},"excerpt":{"rendered":"<p> [&#8230;]<\/p>\n<p><a class=\"btn btn-secondary understrap-read-more-link\" href=\"https:\/\/www.galeriariver.com\/sl\/pogosta-vprasanja\/\">Preberi ve\u010d\u2026<\/a><\/p>\n","protected":false},"author":1,"featured_media":0,"parent":0,"menu_order":0,"comment_status":"closed","ping_status":"closed","template":"page-templates\/content-faq.php","meta":{"_acf_changed":false,"footnotes":""},"class_list":["post-6384","page","type-page","status-publish","hentry"],"acf":[],"yoast_head":"<!-- This site is optimized with the Yoast SEO plugin v27.4 - https:\/\/yoast.com\/product\/yoast-seo-wordpress\/ -->\n<title>Pogosta vpra\u0161anja | Galeria River, Ljubljana | Burja Hoteli<\/title>\n<meta name=\"description\" content=\"Galeria River vabi na oddih v svoje udobne ter elegantne sobe v v Zoisovi pala\u010di iz 18. stoletja, v sredi\u0161\u010du Ljubljane. Rezervirajte zdaj.\" \/>\n<meta name=\"robots\" content=\"index, follow, max-snippet:-1, max-image-preview:large, max-video-preview:-1\" \/>\n<link rel=\"canonical\" href=\"https:\/\/www.galeriariver.com\/sl\/pogosta-vprasanja\/\" \/>\n<meta property=\"og:locale\" content=\"sl_SI\" \/>\n<meta property=\"og:type\" content=\"article\" \/>\n<meta property=\"og:title\" content=\"Pogosta vpra\u0161anja | Galeria River, Ljubljana | Burja Hoteli\" \/>\n<meta property=\"og:description\" content=\"Galeria River vabi na oddih v svoje udobne ter elegantne sobe v v Zoisovi pala\u010di iz 18. stoletja, v sredi\u0161\u010du Ljubljane. Rezervirajte zdaj.\" \/>\n<meta property=\"og:url\" content=\"https:\/\/www.galeriariver.com\/sl\/pogosta-vprasanja\/\" \/>\n<meta property=\"og:site_name\" content=\"Galeria River\" \/>\n<meta property=\"article:publisher\" content=\"https:\/\/www.facebook.com\/galeriariverljubljana\" \/>\n<meta property=\"article:modified_time\" content=\"2026-02-18T11:14:26+00:00\" \/>\n<meta name=\"twitter:card\" content=\"summary_large_image\" \/>\n<script type=\"application\/ld+json\" class=\"yoast-schema-graph\">{\"@context\":\"https:\\\/\\\/schema.org\",\"@graph\":[{\"@type\":\"WebPage\",\"@id\":\"https:\\\/\\\/www.galeriariver.com\\\/sl\\\/pogosta-vprasanja\\\/\",\"url\":\"https:\\\/\\\/www.galeriariver.com\\\/sl\\\/pogosta-vprasanja\\\/\",\"name\":\"Pogosta vpra\u0161anja | Galeria River, Ljubljana | Burja Hoteli\",\"isPartOf\":{\"@id\":\"https:\\\/\\\/www.galeriariver.com\\\/sl\\\/#website\"},\"datePublished\":\"2023-06-19T08:19:36+00:00\",\"dateModified\":\"2026-02-18T11:14:26+00:00\",\"description\":\"Galeria River vabi na oddih v svoje udobne ter elegantne sobe v v Zoisovi pala\u010di iz 18. stoletja, v sredi\u0161\u010du Ljubljane. Rezervirajte zdaj.\",\"breadcrumb\":{\"@id\":\"https:\\\/\\\/www.galeriariver.com\\\/sl\\\/pogosta-vprasanja\\\/#breadcrumb\"},\"inLanguage\":\"sl-SI\",\"potentialAction\":[{\"@type\":\"ReadAction\",\"target\":[\"https:\\\/\\\/www.galeriariver.com\\\/sl\\\/pogosta-vprasanja\\\/\"]}]},{\"@type\":\"BreadcrumbList\",\"@id\":\"https:\\\/\\\/www.galeriariver.com\\\/sl\\\/pogosta-vprasanja\\\/#breadcrumb\",\"itemListElement\":[{\"@type\":\"ListItem\",\"position\":1,\"name\":\"Home\",\"item\":\"https:\\\/\\\/www.galeriariver.com\\\/sl\\\/\"},{\"@type\":\"ListItem\",\"position\":2,\"name\":\"Pogosta vpra\u0161anja\"}]},{\"@type\":\"WebSite\",\"@id\":\"https:\\\/\\\/www.galeriariver.com\\\/sl\\\/#website\",\"url\":\"https:\\\/\\\/www.galeriariver.com\\\/sl\\\/\",\"name\":\"Galeria River\",\"description\":\"Galeria River, Your Home in Ljubljana\",\"publisher\":{\"@id\":\"https:\\\/\\\/www.galeriariver.com\\\/sl\\\/#organization\"},\"potentialAction\":[{\"@type\":\"SearchAction\",\"target\":{\"@type\":\"EntryPoint\",\"urlTemplate\":\"https:\\\/\\\/www.galeriariver.com\\\/sl\\\/?s={search_term_string}\"},\"query-input\":{\"@type\":\"PropertyValueSpecification\",\"valueRequired\":true,\"valueName\":\"search_term_string\"}}],\"inLanguage\":\"sl-SI\"},{\"@type\":\"Organization\",\"@id\":\"https:\\\/\\\/www.galeriariver.com\\\/sl\\\/#organization\",\"name\":\"Galeria River\",\"url\":\"https:\\\/\\\/www.galeriariver.com\\\/sl\\\/\",\"logo\":{\"@type\":\"ImageObject\",\"inLanguage\":\"sl-SI\",\"@id\":\"https:\\\/\\\/www.galeriariver.com\\\/sl\\\/#\\\/schema\\\/logo\\\/image\\\/\",\"url\":\"https:\\\/\\\/www.galeriariver.com\\\/wp-content\\\/uploads\\\/sites\\\/2\\\/2020\\\/12\\\/logo.png\",\"contentUrl\":\"https:\\\/\\\/www.galeriariver.com\\\/wp-content\\\/uploads\\\/sites\\\/2\\\/2020\\\/12\\\/logo.png\",\"width\":270,\"height\":90,\"caption\":\"Galeria River\"},\"image\":{\"@id\":\"https:\\\/\\\/www.galeriariver.com\\\/sl\\\/#\\\/schema\\\/logo\\\/image\\\/\"},\"sameAs\":[\"https:\\\/\\\/www.facebook.com\\\/galeriariverljubljana\",\"https:\\\/\\\/www.instagram.com\\\/galeria.river\\\/\",\"https:\\\/\\\/www.linkedin.com\\\/my-company\\\/burja-hotels\"]}]}<\/script>\n<!-- \/ Yoast SEO plugin. -->","yoast_head_json":{"title":"Pogosta vpra\u0161anja | Galeria River, Ljubljana | Burja Hoteli","description":"Galeria River vabi na oddih v svoje udobne ter elegantne sobe v v Zoisovi pala\u010di iz 18. stoletja, v sredi\u0161\u010du Ljubljane. Rezervirajte zdaj.","robots":{"index":"index","follow":"follow","max-snippet":"max-snippet:-1","max-image-preview":"max-image-preview:large","max-video-preview":"max-video-preview:-1"},"canonical":"https:\/\/www.galeriariver.com\/sl\/pogosta-vprasanja\/","og_locale":"sl_SI","og_type":"article","og_title":"Pogosta vpra\u0161anja | Galeria River, Ljubljana | Burja Hoteli","og_description":"Galeria River vabi na oddih v svoje udobne ter elegantne sobe v v Zoisovi pala\u010di iz 18. stoletja, v sredi\u0161\u010du Ljubljane. Rezervirajte zdaj.","og_url":"https:\/\/www.galeriariver.com\/sl\/pogosta-vprasanja\/","og_site_name":"Galeria River","article_publisher":"https:\/\/www.facebook.com\/galeriariverljubljana","article_modified_time":"2026-02-18T11:14:26+00:00","twitter_card":"summary_large_image","schema":{"@context":"https:\/\/schema.org","@graph":[{"@type":"WebPage","@id":"https:\/\/www.galeriariver.com\/sl\/pogosta-vprasanja\/","url":"https:\/\/www.galeriariver.com\/sl\/pogosta-vprasanja\/","name":"Pogosta vpra\u0161anja | Galeria River, Ljubljana | Burja Hoteli","isPartOf":{"@id":"https:\/\/www.galeriariver.com\/sl\/#website"},"datePublished":"2023-06-19T08:19:36+00:00","dateModified":"2026-02-18T11:14:26+00:00","description":"Galeria River vabi na oddih v svoje udobne ter elegantne sobe v v Zoisovi pala\u010di iz 18. stoletja, v sredi\u0161\u010du Ljubljane. Rezervirajte zdaj.","breadcrumb":{"@id":"https:\/\/www.galeriariver.com\/sl\/pogosta-vprasanja\/#breadcrumb"},"inLanguage":"sl-SI","potentialAction":[{"@type":"ReadAction","target":["https:\/\/www.galeriariver.com\/sl\/pogosta-vprasanja\/"]}]},{"@type":"BreadcrumbList","@id":"https:\/\/www.galeriariver.com\/sl\/pogosta-vprasanja\/#breadcrumb","itemListElement":[{"@type":"ListItem","position":1,"name":"Home","item":"https:\/\/www.galeriariver.com\/sl\/"},{"@type":"ListItem","position":2,"name":"Pogosta vpra\u0161anja"}]},{"@type":"WebSite","@id":"https:\/\/www.galeriariver.com\/sl\/#website","url":"https:\/\/www.galeriariver.com\/sl\/","name":"Galeria River","description":"Galeria River, Your Home in Ljubljana","publisher":{"@id":"https:\/\/www.galeriariver.com\/sl\/#organization"},"potentialAction":[{"@type":"SearchAction","target":{"@type":"EntryPoint","urlTemplate":"https:\/\/www.galeriariver.com\/sl\/?s={search_term_string}"},"query-input":{"@type":"PropertyValueSpecification","valueRequired":true,"valueName":"search_term_string"}}],"inLanguage":"sl-SI"},{"@type":"Organization","@id":"https:\/\/www.galeriariver.com\/sl\/#organization","name":"Galeria River","url":"https:\/\/www.galeriariver.com\/sl\/","logo":{"@type":"ImageObject","inLanguage":"sl-SI","@id":"https:\/\/www.galeriariver.com\/sl\/#\/schema\/logo\/image\/","url":"https:\/\/www.galeriariver.com\/wp-content\/uploads\/sites\/2\/2020\/12\/logo.png","contentUrl":"https:\/\/www.galeriariver.com\/wp-content\/uploads\/sites\/2\/2020\/12\/logo.png","width":270,"height":90,"caption":"Galeria River"},"image":{"@id":"https:\/\/www.galeriariver.com\/sl\/#\/schema\/logo\/image\/"},"sameAs":["https:\/\/www.facebook.com\/galeriariverljubljana","https:\/\/www.instagram.com\/galeria.river\/","https:\/\/www.linkedin.com\/my-company\/burja-hotels"]}]}},"_links":{"self":[{"href":"https:\/\/www.galeriariver.com\/sl\/wp-json\/wp\/v2\/pages\/6384","targetHints":{"allow":["GET"]}}],"collection":[{"href":"https:\/\/www.galeriariver.com\/sl\/wp-json\/wp\/v2\/pages"}],"about":[{"href":"https:\/\/www.galeriariver.com\/sl\/wp-json\/wp\/v2\/types\/page"}],"author":[{"embeddable":true,"href":"https:\/\/www.galeriariver.com\/sl\/wp-json\/wp\/v2\/users\/1"}],"replies":[{"embeddable":true,"href":"https:\/\/www.galeriariver.com\/sl\/wp-json\/wp\/v2\/comments?post=6384"}],"version-history":[{"count":44,"href":"https:\/\/www.galeriariver.com\/sl\/wp-json\/wp\/v2\/pages\/6384\/revisions"}],"predecessor-version":[{"id":8032,"href":"https:\/\/www.galeriariver.com\/sl\/wp-json\/wp\/v2\/pages\/6384\/revisions\/8032"}],"wp:attachment":[{"href":"https:\/\/www.galeriariver.com\/sl\/wp-json\/wp\/v2\/media?parent=6384"}],"curies":[{"name":"wp","href":"https:\/\/api.w.org\/{rel}","templated":true}]}}