{"id":1973,"date":"2020-09-29T09:25:32","date_gmt":"2020-09-29T09:25:32","guid":{"rendered":"https:\/\/www.galeriariver.com\/special-offers\/"},"modified":"2025-11-10T20:32:08","modified_gmt":"2025-11-10T19:32:08","slug":"posebna-ponudba","status":"publish","type":"page","link":"https:\/\/www.galeriariver.com\/sl\/posebna-ponudba\/","title":{"rendered":"Posebna ponudba"},"content":{"rendered":"","protected":false},"excerpt":{"rendered":"<p> [&#8230;]<\/p>\n<p><a class=\"btn btn-secondary understrap-read-more-link\" href=\"https:\/\/www.galeriariver.com\/sl\/posebna-ponudba\/\">Preberi ve\u010d\u2026<\/a><\/p>\n","protected":false},"author":1,"featured_media":4948,"parent":0,"menu_order":0,"comment_status":"closed","ping_status":"closed","template":"page-templates\/content-special-offers.php","meta":{"_acf_changed":false,"footnotes":""},"class_list":["post-1973","page","type-page","status-publish","has-post-thumbnail","hentry"],"acf":[],"yoast_head":"<!-- This site is optimized with the Yoast SEO plugin v27.4 - https:\/\/yoast.com\/product\/yoast-seo-wordpress\/ -->\n<title>Prihranite z na\u0161imi ponudbami | Galeria River<\/title>\n<meta name=\"description\" content=\"Izkoristite posebne ponudbe za bivanje v Ljubljani. Privo\u0161\u010dite si ugodne cene in udobno namestitev v zgodovinskem sredi\u0161\u010du mesta.\" \/>\n<meta name=\"robots\" content=\"index, follow, max-snippet:-1, max-image-preview:large, max-video-preview:-1\" \/>\n<link rel=\"canonical\" href=\"https:\/\/www.galeriariver.com\/sl\/posebna-ponudba\/\" \/>\n<meta property=\"og:locale\" content=\"sl_SI\" \/>\n<meta property=\"og:type\" content=\"article\" \/>\n<meta property=\"og:title\" content=\"Posebna ponudba za super oddih v Galeria River | Burja Hotels\" \/>\n<meta property=\"og:description\" content=\"Posebna ponudba za super po\u010ditnice. Pobrskajte po ponudbah na\u0161ih top nastanitev, ki bodo pri\u010darala prelepa do\u017eivetja v Piranu in Sloveniji.\" \/>\n<meta property=\"og:url\" content=\"https:\/\/www.galeriariver.com\/sl\/posebna-ponudba\/\" \/>\n<meta property=\"og:site_name\" content=\"Galeria River\" \/>\n<meta property=\"article:publisher\" content=\"https:\/\/www.facebook.com\/galeriariverljubljana\" \/>\n<meta property=\"article:modified_time\" content=\"2025-11-10T19:32:08+00:00\" \/>\n<meta name=\"twitter:card\" content=\"summary_large_image\" \/>\n<meta name=\"twitter:title\" content=\"Posebna ponudba za super oddih v Galeria River | Burja Hotels\" \/>\n<meta name=\"twitter:description\" content=\"Posebna ponudba za super po\u010ditnice. Pobrskajte po ponudbah na\u0161ih top nastanitev, ki bodo pri\u010darala prelepa do\u017eivetja v Piranu in Sloveniji.\" \/>\n<meta name=\"twitter:label1\" content=\"Est. reading time\" \/>\n\t<meta name=\"twitter:data1\" content=\"1 minuta\" \/>\n<script type=\"application\/ld+json\" class=\"yoast-schema-graph\">{\"@context\":\"https:\\\/\\\/schema.org\",\"@graph\":[{\"@type\":\"WebPage\",\"@id\":\"https:\\\/\\\/www.galeriariver.com\\\/sl\\\/posebna-ponudba\\\/\",\"url\":\"https:\\\/\\\/www.galeriariver.com\\\/sl\\\/posebna-ponudba\\\/\",\"name\":\"Prihranite z na\u0161imi ponudbami | Galeria River\",\"isPartOf\":{\"@id\":\"https:\\\/\\\/www.galeriariver.com\\\/sl\\\/#website\"},\"primaryImageOfPage\":{\"@id\":\"https:\\\/\\\/www.galeriariver.com\\\/sl\\\/posebna-ponudba\\\/#primaryimage\"},\"image\":{\"@id\":\"https:\\\/\\\/www.galeriariver.com\\\/sl\\\/posebna-ponudba\\\/#primaryimage\"},\"thumbnailUrl\":\"https:\\\/\\\/www.galeriariver.com\\\/wp-content\\\/uploads\\\/sites\\\/2\\\/2022\\\/09\\\/WEB-GALERIA_RIVER-SPECIAL_OFFERS-HERO-DESKTOP-01.jpg\",\"datePublished\":\"2020-09-29T09:25:32+00:00\",\"dateModified\":\"2025-11-10T19:32:08+00:00\",\"description\":\"Izkoristite posebne ponudbe za bivanje v Ljubljani. Privo\u0161\u010dite si ugodne cene in udobno namestitev v zgodovinskem sredi\u0161\u010du mesta.\",\"breadcrumb\":{\"@id\":\"https:\\\/\\\/www.galeriariver.com\\\/sl\\\/posebna-ponudba\\\/#breadcrumb\"},\"inLanguage\":\"sl-SI\",\"potentialAction\":[{\"@type\":\"ReadAction\",\"target\":[\"https:\\\/\\\/www.galeriariver.com\\\/sl\\\/posebna-ponudba\\\/\"]}]},{\"@type\":\"ImageObject\",\"inLanguage\":\"sl-SI\",\"@id\":\"https:\\\/\\\/www.galeriariver.com\\\/sl\\\/posebna-ponudba\\\/#primaryimage\",\"url\":\"https:\\\/\\\/www.galeriariver.com\\\/wp-content\\\/uploads\\\/sites\\\/2\\\/2022\\\/09\\\/WEB-GALERIA_RIVER-SPECIAL_OFFERS-HERO-DESKTOP-01.jpg\",\"contentUrl\":\"https:\\\/\\\/www.galeriariver.com\\\/wp-content\\\/uploads\\\/sites\\\/2\\\/2022\\\/09\\\/WEB-GALERIA_RIVER-SPECIAL_OFFERS-HERO-DESKTOP-01.jpg\",\"width\":2000,\"height\":1000},{\"@type\":\"BreadcrumbList\",\"@id\":\"https:\\\/\\\/www.galeriariver.com\\\/sl\\\/posebna-ponudba\\\/#breadcrumb\",\"itemListElement\":[{\"@type\":\"ListItem\",\"position\":1,\"name\":\"Home\",\"item\":\"https:\\\/\\\/www.galeriariver.com\\\/sl\\\/\"},{\"@type\":\"ListItem\",\"position\":2,\"name\":\"Posebna ponudba\"}]},{\"@type\":\"WebSite\",\"@id\":\"https:\\\/\\\/www.galeriariver.com\\\/sl\\\/#website\",\"url\":\"https:\\\/\\\/www.galeriariver.com\\\/sl\\\/\",\"name\":\"Galeria River\",\"description\":\"Galeria River, Your Home in Ljubljana\",\"publisher\":{\"@id\":\"https:\\\/\\\/www.galeriariver.com\\\/sl\\\/#organization\"},\"potentialAction\":[{\"@type\":\"SearchAction\",\"target\":{\"@type\":\"EntryPoint\",\"urlTemplate\":\"https:\\\/\\\/www.galeriariver.com\\\/sl\\\/?s={search_term_string}\"},\"query-input\":{\"@type\":\"PropertyValueSpecification\",\"valueRequired\":true,\"valueName\":\"search_term_string\"}}],\"inLanguage\":\"sl-SI\"},{\"@type\":\"Organization\",\"@id\":\"https:\\\/\\\/www.galeriariver.com\\\/sl\\\/#organization\",\"name\":\"Galeria River\",\"url\":\"https:\\\/\\\/www.galeriariver.com\\\/sl\\\/\",\"logo\":{\"@type\":\"ImageObject\",\"inLanguage\":\"sl-SI\",\"@id\":\"https:\\\/\\\/www.galeriariver.com\\\/sl\\\/#\\\/schema\\\/logo\\\/image\\\/\",\"url\":\"https:\\\/\\\/www.galeriariver.com\\\/wp-content\\\/uploads\\\/sites\\\/2\\\/2020\\\/12\\\/logo.png\",\"contentUrl\":\"https:\\\/\\\/www.galeriariver.com\\\/wp-content\\\/uploads\\\/sites\\\/2\\\/2020\\\/12\\\/logo.png\",\"width\":270,\"height\":90,\"caption\":\"Galeria River\"},\"image\":{\"@id\":\"https:\\\/\\\/www.galeriariver.com\\\/sl\\\/#\\\/schema\\\/logo\\\/image\\\/\"},\"sameAs\":[\"https:\\\/\\\/www.facebook.com\\\/galeriariverljubljana\",\"https:\\\/\\\/www.instagram.com\\\/galeria.river\\\/\",\"https:\\\/\\\/www.linkedin.com\\\/my-company\\\/burja-hotels\"]}]}<\/script>\n<!-- \/ Yoast SEO plugin. -->","yoast_head_json":{"title":"Prihranite z na\u0161imi ponudbami | Galeria River","description":"Izkoristite posebne ponudbe za bivanje v Ljubljani. Privo\u0161\u010dite si ugodne cene in udobno namestitev v zgodovinskem sredi\u0161\u010du mesta.","robots":{"index":"index","follow":"follow","max-snippet":"max-snippet:-1","max-image-preview":"max-image-preview:large","max-video-preview":"max-video-preview:-1"},"canonical":"https:\/\/www.galeriariver.com\/sl\/posebna-ponudba\/","og_locale":"sl_SI","og_type":"article","og_title":"Posebna ponudba za super oddih v Galeria River | Burja Hotels","og_description":"Posebna ponudba za super po\u010ditnice. Pobrskajte po ponudbah na\u0161ih top nastanitev, ki bodo pri\u010darala prelepa do\u017eivetja v Piranu in Sloveniji.","og_url":"https:\/\/www.galeriariver.com\/sl\/posebna-ponudba\/","og_site_name":"Galeria River","article_publisher":"https:\/\/www.facebook.com\/galeriariverljubljana","article_modified_time":"2025-11-10T19:32:08+00:00","twitter_card":"summary_large_image","twitter_title":"Posebna ponudba za super oddih v Galeria River | Burja Hotels","twitter_description":"Posebna ponudba za super po\u010ditnice. Pobrskajte po ponudbah na\u0161ih top nastanitev, ki bodo pri\u010darala prelepa do\u017eivetja v Piranu in Sloveniji.","twitter_misc":{"Est. reading time":"1 minuta"},"schema":{"@context":"https:\/\/schema.org","@graph":[{"@type":"WebPage","@id":"https:\/\/www.galeriariver.com\/sl\/posebna-ponudba\/","url":"https:\/\/www.galeriariver.com\/sl\/posebna-ponudba\/","name":"Prihranite z na\u0161imi ponudbami | Galeria River","isPartOf":{"@id":"https:\/\/www.galeriariver.com\/sl\/#website"},"primaryImageOfPage":{"@id":"https:\/\/www.galeriariver.com\/sl\/posebna-ponudba\/#primaryimage"},"image":{"@id":"https:\/\/www.galeriariver.com\/sl\/posebna-ponudba\/#primaryimage"},"thumbnailUrl":"https:\/\/www.galeriariver.com\/wp-content\/uploads\/sites\/2\/2022\/09\/WEB-GALERIA_RIVER-SPECIAL_OFFERS-HERO-DESKTOP-01.jpg","datePublished":"2020-09-29T09:25:32+00:00","dateModified":"2025-11-10T19:32:08+00:00","description":"Izkoristite posebne ponudbe za bivanje v Ljubljani. Privo\u0161\u010dite si ugodne cene in udobno namestitev v zgodovinskem sredi\u0161\u010du mesta.","breadcrumb":{"@id":"https:\/\/www.galeriariver.com\/sl\/posebna-ponudba\/#breadcrumb"},"inLanguage":"sl-SI","potentialAction":[{"@type":"ReadAction","target":["https:\/\/www.galeriariver.com\/sl\/posebna-ponudba\/"]}]},{"@type":"ImageObject","inLanguage":"sl-SI","@id":"https:\/\/www.galeriariver.com\/sl\/posebna-ponudba\/#primaryimage","url":"https:\/\/www.galeriariver.com\/wp-content\/uploads\/sites\/2\/2022\/09\/WEB-GALERIA_RIVER-SPECIAL_OFFERS-HERO-DESKTOP-01.jpg","contentUrl":"https:\/\/www.galeriariver.com\/wp-content\/uploads\/sites\/2\/2022\/09\/WEB-GALERIA_RIVER-SPECIAL_OFFERS-HERO-DESKTOP-01.jpg","width":2000,"height":1000},{"@type":"BreadcrumbList","@id":"https:\/\/www.galeriariver.com\/sl\/posebna-ponudba\/#breadcrumb","itemListElement":[{"@type":"ListItem","position":1,"name":"Home","item":"https:\/\/www.galeriariver.com\/sl\/"},{"@type":"ListItem","position":2,"name":"Posebna ponudba"}]},{"@type":"WebSite","@id":"https:\/\/www.galeriariver.com\/sl\/#website","url":"https:\/\/www.galeriariver.com\/sl\/","name":"Galeria River","description":"Galeria River, Your Home in Ljubljana","publisher":{"@id":"https:\/\/www.galeriariver.com\/sl\/#organization"},"potentialAction":[{"@type":"SearchAction","target":{"@type":"EntryPoint","urlTemplate":"https:\/\/www.galeriariver.com\/sl\/?s={search_term_string}"},"query-input":{"@type":"PropertyValueSpecification","valueRequired":true,"valueName":"search_term_string"}}],"inLanguage":"sl-SI"},{"@type":"Organization","@id":"https:\/\/www.galeriariver.com\/sl\/#organization","name":"Galeria River","url":"https:\/\/www.galeriariver.com\/sl\/","logo":{"@type":"ImageObject","inLanguage":"sl-SI","@id":"https:\/\/www.galeriariver.com\/sl\/#\/schema\/logo\/image\/","url":"https:\/\/www.galeriariver.com\/wp-content\/uploads\/sites\/2\/2020\/12\/logo.png","contentUrl":"https:\/\/www.galeriariver.com\/wp-content\/uploads\/sites\/2\/2020\/12\/logo.png","width":270,"height":90,"caption":"Galeria River"},"image":{"@id":"https:\/\/www.galeriariver.com\/sl\/#\/schema\/logo\/image\/"},"sameAs":["https:\/\/www.facebook.com\/galeriariverljubljana","https:\/\/www.instagram.com\/galeria.river\/","https:\/\/www.linkedin.com\/my-company\/burja-hotels"]}]}},"_links":{"self":[{"href":"https:\/\/www.galeriariver.com\/sl\/wp-json\/wp\/v2\/pages\/1973","targetHints":{"allow":["GET"]}}],"collection":[{"href":"https:\/\/www.galeriariver.com\/sl\/wp-json\/wp\/v2\/pages"}],"about":[{"href":"https:\/\/www.galeriariver.com\/sl\/wp-json\/wp\/v2\/types\/page"}],"author":[{"embeddable":true,"href":"https:\/\/www.galeriariver.com\/sl\/wp-json\/wp\/v2\/users\/1"}],"replies":[{"embeddable":true,"href":"https:\/\/www.galeriariver.com\/sl\/wp-json\/wp\/v2\/comments?post=1973"}],"version-history":[{"count":33,"href":"https:\/\/www.galeriariver.com\/sl\/wp-json\/wp\/v2\/pages\/1973\/revisions"}],"predecessor-version":[{"id":7972,"href":"https:\/\/www.galeriariver.com\/sl\/wp-json\/wp\/v2\/pages\/1973\/revisions\/7972"}],"wp:featuredmedia":[{"embeddable":true,"href":"https:\/\/www.galeriariver.com\/sl\/wp-json\/wp\/v2\/media\/4948"}],"wp:attachment":[{"href":"https:\/\/www.galeriariver.com\/sl\/wp-json\/wp\/v2\/media?parent=1973"}],"curies":[{"name":"wp","href":"https:\/\/api.w.org\/{rel}","templated":true}]}}