{"id":1967,"date":"2020-09-29T11:11:54","date_gmt":"2020-09-29T11:11:54","guid":{"rendered":"https:\/\/www.galeriariver.com\/privacy-policy\/"},"modified":"2024-04-28T17:43:38","modified_gmt":"2024-04-28T15:43:38","slug":"politika-zasebnosti","status":"publish","type":"page","link":"https:\/\/www.galeriariver.com\/sl\/politika-zasebnosti\/","title":{"rendered":"Politika zasebnosti"},"content":{"rendered":"","protected":false},"excerpt":{"rendered":"<p> [&#8230;]<\/p>\n<p><a class=\"btn btn-secondary understrap-read-more-link\" href=\"https:\/\/www.galeriariver.com\/sl\/politika-zasebnosti\/\">Preberi ve\u010d\u2026<\/a><\/p>\n","protected":false},"author":1,"featured_media":1957,"parent":0,"menu_order":0,"comment_status":"closed","ping_status":"closed","template":"page-templates\/content-general-page.php","meta":{"_acf_changed":false,"footnotes":""},"class_list":["post-1967","page","type-page","status-publish","has-post-thumbnail","hentry"],"acf":[],"yoast_head":"<!-- This site is optimized with the Yoast SEO plugin v27.4 - https:\/\/yoast.com\/product\/yoast-seo-wordpress\/ -->\n<title>Politika zasebnosti | Galeria River: Va\u0161 dom v Ljubljani | Burja Hotels<\/title>\n<meta name=\"description\" content=\"Galeria River vabi na oddih v svoje udobne ter elegantne sobe v v Zoisovi pala\u010di iz 18. stoletja, v sredi\u0161\u010du Ljubljane. Rezervirajte zdaj.\" \/>\n<meta name=\"robots\" content=\"index, follow, max-snippet:-1, max-image-preview:large, max-video-preview:-1\" \/>\n<link rel=\"canonical\" href=\"https:\/\/www.galeriariver.com\/sl\/politika-zasebnosti\/\" \/>\n<meta property=\"og:locale\" content=\"sl_SI\" \/>\n<meta property=\"og:type\" content=\"article\" \/>\n<meta property=\"og:title\" content=\"Politika zasebnosti | Galeria River: Va\u0161 dom v Ljubljani | Burja Hotels\" \/>\n<meta property=\"og:description\" content=\"Galeria River vabi na oddih v svoje udobne ter elegantne sobe v v Zoisovi pala\u010di iz 18. stoletja, v sredi\u0161\u010du Ljubljane. Rezervirajte zdaj.\" \/>\n<meta property=\"og:url\" content=\"https:\/\/www.galeriariver.com\/sl\/politika-zasebnosti\/\" \/>\n<meta property=\"og:site_name\" content=\"Galeria River\" \/>\n<meta property=\"article:publisher\" content=\"https:\/\/www.facebook.com\/galeriariverljubljana\" \/>\n<meta property=\"article:modified_time\" content=\"2024-04-28T15:43:38+00:00\" \/>\n<meta property=\"og:image\" content=\"https:\/\/www.galeriariver.com\/wp-content\/uploads\/sites\/2\/2021\/04\/OUR_PROPERTIES-Zois-FEATURE.jpg\" \/>\n\t<meta property=\"og:image:width\" content=\"2560\" \/>\n\t<meta property=\"og:image:height\" content=\"1709\" \/>\n\t<meta property=\"og:image:type\" content=\"image\/jpeg\" \/>\n<meta name=\"twitter:card\" content=\"summary_large_image\" \/>\n<meta name=\"twitter:label1\" content=\"Est. reading time\" \/>\n\t<meta name=\"twitter:data1\" content=\"1 minuta\" \/>\n<script type=\"application\/ld+json\" class=\"yoast-schema-graph\">{\"@context\":\"https:\\\/\\\/schema.org\",\"@graph\":[{\"@type\":\"WebPage\",\"@id\":\"https:\\\/\\\/www.galeriariver.com\\\/sl\\\/politika-zasebnosti\\\/\",\"url\":\"https:\\\/\\\/www.galeriariver.com\\\/sl\\\/politika-zasebnosti\\\/\",\"name\":\"Politika zasebnosti | Galeria River: Va\u0161 dom v Ljubljani | Burja Hotels\",\"isPartOf\":{\"@id\":\"https:\\\/\\\/www.galeriariver.com\\\/sl\\\/#website\"},\"primaryImageOfPage\":{\"@id\":\"https:\\\/\\\/www.galeriariver.com\\\/sl\\\/politika-zasebnosti\\\/#primaryimage\"},\"image\":{\"@id\":\"https:\\\/\\\/www.galeriariver.com\\\/sl\\\/politika-zasebnosti\\\/#primaryimage\"},\"thumbnailUrl\":\"https:\\\/\\\/www.galeriariver.com\\\/wp-content\\\/uploads\\\/sites\\\/2\\\/2021\\\/04\\\/OUR_PROPERTIES-Zois-FEATURE.jpg\",\"datePublished\":\"2020-09-29T11:11:54+00:00\",\"dateModified\":\"2024-04-28T15:43:38+00:00\",\"description\":\"Galeria River vabi na oddih v svoje udobne ter elegantne sobe v v Zoisovi pala\u010di iz 18. stoletja, v sredi\u0161\u010du Ljubljane. Rezervirajte zdaj.\",\"breadcrumb\":{\"@id\":\"https:\\\/\\\/www.galeriariver.com\\\/sl\\\/politika-zasebnosti\\\/#breadcrumb\"},\"inLanguage\":\"sl-SI\",\"potentialAction\":[{\"@type\":\"ReadAction\",\"target\":[\"https:\\\/\\\/www.galeriariver.com\\\/sl\\\/politika-zasebnosti\\\/\"]}]},{\"@type\":\"ImageObject\",\"inLanguage\":\"sl-SI\",\"@id\":\"https:\\\/\\\/www.galeriariver.com\\\/sl\\\/politika-zasebnosti\\\/#primaryimage\",\"url\":\"https:\\\/\\\/www.galeriariver.com\\\/wp-content\\\/uploads\\\/sites\\\/2\\\/2021\\\/04\\\/OUR_PROPERTIES-Zois-FEATURE.jpg\",\"contentUrl\":\"https:\\\/\\\/www.galeriariver.com\\\/wp-content\\\/uploads\\\/sites\\\/2\\\/2021\\\/04\\\/OUR_PROPERTIES-Zois-FEATURE.jpg\",\"width\":2560,\"height\":1709,\"caption\":\"Galeria River, housed in Zois\"},{\"@type\":\"BreadcrumbList\",\"@id\":\"https:\\\/\\\/www.galeriariver.com\\\/sl\\\/politika-zasebnosti\\\/#breadcrumb\",\"itemListElement\":[{\"@type\":\"ListItem\",\"position\":1,\"name\":\"Home\",\"item\":\"https:\\\/\\\/www.galeriariver.com\\\/sl\\\/\"},{\"@type\":\"ListItem\",\"position\":2,\"name\":\"Politika zasebnosti\"}]},{\"@type\":\"WebSite\",\"@id\":\"https:\\\/\\\/www.galeriariver.com\\\/sl\\\/#website\",\"url\":\"https:\\\/\\\/www.galeriariver.com\\\/sl\\\/\",\"name\":\"Galeria River\",\"description\":\"Galeria River, Your Home in Ljubljana\",\"publisher\":{\"@id\":\"https:\\\/\\\/www.galeriariver.com\\\/sl\\\/#organization\"},\"potentialAction\":[{\"@type\":\"SearchAction\",\"target\":{\"@type\":\"EntryPoint\",\"urlTemplate\":\"https:\\\/\\\/www.galeriariver.com\\\/sl\\\/?s={search_term_string}\"},\"query-input\":{\"@type\":\"PropertyValueSpecification\",\"valueRequired\":true,\"valueName\":\"search_term_string\"}}],\"inLanguage\":\"sl-SI\"},{\"@type\":\"Organization\",\"@id\":\"https:\\\/\\\/www.galeriariver.com\\\/sl\\\/#organization\",\"name\":\"Galeria River\",\"url\":\"https:\\\/\\\/www.galeriariver.com\\\/sl\\\/\",\"logo\":{\"@type\":\"ImageObject\",\"inLanguage\":\"sl-SI\",\"@id\":\"https:\\\/\\\/www.galeriariver.com\\\/sl\\\/#\\\/schema\\\/logo\\\/image\\\/\",\"url\":\"https:\\\/\\\/www.galeriariver.com\\\/wp-content\\\/uploads\\\/sites\\\/2\\\/2020\\\/12\\\/logo.png\",\"contentUrl\":\"https:\\\/\\\/www.galeriariver.com\\\/wp-content\\\/uploads\\\/sites\\\/2\\\/2020\\\/12\\\/logo.png\",\"width\":270,\"height\":90,\"caption\":\"Galeria River\"},\"image\":{\"@id\":\"https:\\\/\\\/www.galeriariver.com\\\/sl\\\/#\\\/schema\\\/logo\\\/image\\\/\"},\"sameAs\":[\"https:\\\/\\\/www.facebook.com\\\/galeriariverljubljana\",\"https:\\\/\\\/www.instagram.com\\\/galeria.river\\\/\",\"https:\\\/\\\/www.linkedin.com\\\/my-company\\\/burja-hotels\"]}]}<\/script>\n<!-- \/ Yoast SEO plugin. -->","yoast_head_json":{"title":"Politika zasebnosti | Galeria River: Va\u0161 dom v Ljubljani | Burja Hotels","description":"Galeria River vabi na oddih v svoje udobne ter elegantne sobe v v Zoisovi pala\u010di iz 18. stoletja, v sredi\u0161\u010du Ljubljane. Rezervirajte zdaj.","robots":{"index":"index","follow":"follow","max-snippet":"max-snippet:-1","max-image-preview":"max-image-preview:large","max-video-preview":"max-video-preview:-1"},"canonical":"https:\/\/www.galeriariver.com\/sl\/politika-zasebnosti\/","og_locale":"sl_SI","og_type":"article","og_title":"Politika zasebnosti | Galeria River: Va\u0161 dom v Ljubljani | Burja Hotels","og_description":"Galeria River vabi na oddih v svoje udobne ter elegantne sobe v v Zoisovi pala\u010di iz 18. stoletja, v sredi\u0161\u010du Ljubljane. Rezervirajte zdaj.","og_url":"https:\/\/www.galeriariver.com\/sl\/politika-zasebnosti\/","og_site_name":"Galeria River","article_publisher":"https:\/\/www.facebook.com\/galeriariverljubljana","article_modified_time":"2024-04-28T15:43:38+00:00","og_image":[{"width":2560,"height":1709,"url":"https:\/\/www.galeriariver.com\/wp-content\/uploads\/sites\/2\/2021\/04\/OUR_PROPERTIES-Zois-FEATURE.jpg","type":"image\/jpeg"}],"twitter_card":"summary_large_image","twitter_misc":{"Est. reading time":"1 minuta"},"schema":{"@context":"https:\/\/schema.org","@graph":[{"@type":"WebPage","@id":"https:\/\/www.galeriariver.com\/sl\/politika-zasebnosti\/","url":"https:\/\/www.galeriariver.com\/sl\/politika-zasebnosti\/","name":"Politika zasebnosti | Galeria River: Va\u0161 dom v Ljubljani | Burja Hotels","isPartOf":{"@id":"https:\/\/www.galeriariver.com\/sl\/#website"},"primaryImageOfPage":{"@id":"https:\/\/www.galeriariver.com\/sl\/politika-zasebnosti\/#primaryimage"},"image":{"@id":"https:\/\/www.galeriariver.com\/sl\/politika-zasebnosti\/#primaryimage"},"thumbnailUrl":"https:\/\/www.galeriariver.com\/wp-content\/uploads\/sites\/2\/2021\/04\/OUR_PROPERTIES-Zois-FEATURE.jpg","datePublished":"2020-09-29T11:11:54+00:00","dateModified":"2024-04-28T15:43:38+00:00","description":"Galeria River vabi na oddih v svoje udobne ter elegantne sobe v v Zoisovi pala\u010di iz 18. stoletja, v sredi\u0161\u010du Ljubljane. Rezervirajte zdaj.","breadcrumb":{"@id":"https:\/\/www.galeriariver.com\/sl\/politika-zasebnosti\/#breadcrumb"},"inLanguage":"sl-SI","potentialAction":[{"@type":"ReadAction","target":["https:\/\/www.galeriariver.com\/sl\/politika-zasebnosti\/"]}]},{"@type":"ImageObject","inLanguage":"sl-SI","@id":"https:\/\/www.galeriariver.com\/sl\/politika-zasebnosti\/#primaryimage","url":"https:\/\/www.galeriariver.com\/wp-content\/uploads\/sites\/2\/2021\/04\/OUR_PROPERTIES-Zois-FEATURE.jpg","contentUrl":"https:\/\/www.galeriariver.com\/wp-content\/uploads\/sites\/2\/2021\/04\/OUR_PROPERTIES-Zois-FEATURE.jpg","width":2560,"height":1709,"caption":"Galeria River, housed in Zois"},{"@type":"BreadcrumbList","@id":"https:\/\/www.galeriariver.com\/sl\/politika-zasebnosti\/#breadcrumb","itemListElement":[{"@type":"ListItem","position":1,"name":"Home","item":"https:\/\/www.galeriariver.com\/sl\/"},{"@type":"ListItem","position":2,"name":"Politika zasebnosti"}]},{"@type":"WebSite","@id":"https:\/\/www.galeriariver.com\/sl\/#website","url":"https:\/\/www.galeriariver.com\/sl\/","name":"Galeria River","description":"Galeria River, Your Home in Ljubljana","publisher":{"@id":"https:\/\/www.galeriariver.com\/sl\/#organization"},"potentialAction":[{"@type":"SearchAction","target":{"@type":"EntryPoint","urlTemplate":"https:\/\/www.galeriariver.com\/sl\/?s={search_term_string}"},"query-input":{"@type":"PropertyValueSpecification","valueRequired":true,"valueName":"search_term_string"}}],"inLanguage":"sl-SI"},{"@type":"Organization","@id":"https:\/\/www.galeriariver.com\/sl\/#organization","name":"Galeria River","url":"https:\/\/www.galeriariver.com\/sl\/","logo":{"@type":"ImageObject","inLanguage":"sl-SI","@id":"https:\/\/www.galeriariver.com\/sl\/#\/schema\/logo\/image\/","url":"https:\/\/www.galeriariver.com\/wp-content\/uploads\/sites\/2\/2020\/12\/logo.png","contentUrl":"https:\/\/www.galeriariver.com\/wp-content\/uploads\/sites\/2\/2020\/12\/logo.png","width":270,"height":90,"caption":"Galeria River"},"image":{"@id":"https:\/\/www.galeriariver.com\/sl\/#\/schema\/logo\/image\/"},"sameAs":["https:\/\/www.facebook.com\/galeriariverljubljana","https:\/\/www.instagram.com\/galeria.river\/","https:\/\/www.linkedin.com\/my-company\/burja-hotels"]}]}},"_links":{"self":[{"href":"https:\/\/www.galeriariver.com\/sl\/wp-json\/wp\/v2\/pages\/1967","targetHints":{"allow":["GET"]}}],"collection":[{"href":"https:\/\/www.galeriariver.com\/sl\/wp-json\/wp\/v2\/pages"}],"about":[{"href":"https:\/\/www.galeriariver.com\/sl\/wp-json\/wp\/v2\/types\/page"}],"author":[{"embeddable":true,"href":"https:\/\/www.galeriariver.com\/sl\/wp-json\/wp\/v2\/users\/1"}],"replies":[{"embeddable":true,"href":"https:\/\/www.galeriariver.com\/sl\/wp-json\/wp\/v2\/comments?post=1967"}],"version-history":[{"count":11,"href":"https:\/\/www.galeriariver.com\/sl\/wp-json\/wp\/v2\/pages\/1967\/revisions"}],"predecessor-version":[{"id":7077,"href":"https:\/\/www.galeriariver.com\/sl\/wp-json\/wp\/v2\/pages\/1967\/revisions\/7077"}],"wp:featuredmedia":[{"embeddable":true,"href":"https:\/\/www.galeriariver.com\/sl\/wp-json\/wp\/v2\/media\/1957"}],"wp:attachment":[{"href":"https:\/\/www.galeriariver.com\/sl\/wp-json\/wp\/v2\/media?parent=1967"}],"curies":[{"name":"wp","href":"https:\/\/api.w.org\/{rel}","templated":true}]}}