{"id":1952,"date":"2020-10-21T07:43:29","date_gmt":"2020-10-21T07:43:29","guid":{"rendered":"https:\/\/www.galeriariver.com\/house-rules-and-policies\/"},"modified":"2026-04-05T13:29:10","modified_gmt":"2026-04-05T11:29:10","slug":"pravila-in-pogoji-rezervacije","status":"publish","type":"page","link":"https:\/\/www.galeriariver.com\/sl\/pravila-in-pogoji-rezervacije\/","title":{"rendered":"Pravila in pogoji rezervacije"},"content":{"rendered":"","protected":false},"excerpt":{"rendered":"<p> [&#8230;]<\/p>\n<p><a class=\"btn btn-secondary understrap-read-more-link\" href=\"https:\/\/www.galeriariver.com\/sl\/pravila-in-pogoji-rezervacije\/\">Preberi ve\u010d\u2026<\/a><\/p>\n","protected":false},"author":1,"featured_media":2015,"parent":0,"menu_order":0,"comment_status":"closed","ping_status":"closed","template":"page-templates\/content-general-page.php","meta":{"_acf_changed":false,"footnotes":""},"class_list":["post-1952","page","type-page","status-publish","has-post-thumbnail","hentry"],"acf":[],"yoast_head":"<!-- This site is optimized with the Yoast SEO plugin v27.4 - https:\/\/yoast.com\/product\/yoast-seo-wordpress\/ -->\n<title>Pravila in pogoji rezervacije | Galeria River | Burja Hotels<\/title>\n<meta name=\"description\" content=\"Pravila in pogoje rezervacije smo vzpostavili, da bi spodbudili ozave\u0161\u010denost in varnost na\u0161ih gostov ter njihovo prijetno izku\u0161njo.\" \/>\n<meta name=\"robots\" content=\"index, follow, max-snippet:-1, max-image-preview:large, max-video-preview:-1\" \/>\n<link rel=\"canonical\" href=\"https:\/\/www.galeriariver.com\/sl\/pravila-in-pogoji-rezervacije\/\" \/>\n<meta property=\"og:locale\" content=\"sl_SI\" \/>\n<meta property=\"og:type\" content=\"article\" \/>\n<meta property=\"og:title\" content=\"Pravila in pogoji rezervacije | Galeria River | Burja Hotels\" \/>\n<meta property=\"og:description\" content=\"Pravila in pogoje rezervacije smo vzpostavili, da bi spodbudili ozave\u0161\u010denost in varnost na\u0161ih gostov ter njihovo prijetno izku\u0161njo.\" \/>\n<meta property=\"og:url\" content=\"https:\/\/www.galeriariver.com\/sl\/pravila-in-pogoji-rezervacije\/\" \/>\n<meta property=\"og:site_name\" content=\"Galeria River\" \/>\n<meta property=\"article:publisher\" content=\"https:\/\/www.facebook.com\/galeriariverljubljana\" \/>\n<meta property=\"article:modified_time\" content=\"2026-04-05T11:29:10+00:00\" \/>\n<meta property=\"og:image\" content=\"https:\/\/www.galeriariver.com\/wp-content\/uploads\/sites\/2\/2021\/03\/GALERIA_RIVER-DOUBLE_12.jpg\" \/>\n\t<meta property=\"og:image:width\" content=\"2560\" \/>\n\t<meta property=\"og:image:height\" content=\"1708\" \/>\n\t<meta property=\"og:image:type\" content=\"image\/jpeg\" \/>\n<meta name=\"twitter:card\" content=\"summary_large_image\" \/>\n<meta name=\"twitter:label1\" content=\"Est. reading time\" \/>\n\t<meta name=\"twitter:data1\" content=\"1 minuta\" \/>\n<script type=\"application\/ld+json\" class=\"yoast-schema-graph\">{\"@context\":\"https:\\\/\\\/schema.org\",\"@graph\":[{\"@type\":\"WebPage\",\"@id\":\"https:\\\/\\\/www.galeriariver.com\\\/sl\\\/pravila-in-pogoji-rezervacije\\\/\",\"url\":\"https:\\\/\\\/www.galeriariver.com\\\/sl\\\/pravila-in-pogoji-rezervacije\\\/\",\"name\":\"Pravila in pogoji rezervacije | Galeria River | Burja Hotels\",\"isPartOf\":{\"@id\":\"https:\\\/\\\/www.galeriariver.com\\\/sl\\\/#website\"},\"primaryImageOfPage\":{\"@id\":\"https:\\\/\\\/www.galeriariver.com\\\/sl\\\/pravila-in-pogoji-rezervacije\\\/#primaryimage\"},\"image\":{\"@id\":\"https:\\\/\\\/www.galeriariver.com\\\/sl\\\/pravila-in-pogoji-rezervacije\\\/#primaryimage\"},\"thumbnailUrl\":\"https:\\\/\\\/www.galeriariver.com\\\/wp-content\\\/uploads\\\/sites\\\/2\\\/2021\\\/03\\\/GALERIA_RIVER-DOUBLE_12.jpg\",\"datePublished\":\"2020-10-21T07:43:29+00:00\",\"dateModified\":\"2026-04-05T11:29:10+00:00\",\"description\":\"Pravila in pogoje rezervacije smo vzpostavili, da bi spodbudili ozave\u0161\u010denost in varnost na\u0161ih gostov ter njihovo prijetno izku\u0161njo.\",\"breadcrumb\":{\"@id\":\"https:\\\/\\\/www.galeriariver.com\\\/sl\\\/pravila-in-pogoji-rezervacije\\\/#breadcrumb\"},\"inLanguage\":\"sl-SI\",\"potentialAction\":[{\"@type\":\"ReadAction\",\"target\":[\"https:\\\/\\\/www.galeriariver.com\\\/sl\\\/pravila-in-pogoji-rezervacije\\\/\"]}]},{\"@type\":\"ImageObject\",\"inLanguage\":\"sl-SI\",\"@id\":\"https:\\\/\\\/www.galeriariver.com\\\/sl\\\/pravila-in-pogoji-rezervacije\\\/#primaryimage\",\"url\":\"https:\\\/\\\/www.galeriariver.com\\\/wp-content\\\/uploads\\\/sites\\\/2\\\/2021\\\/03\\\/GALERIA_RIVER-DOUBLE_12.jpg\",\"contentUrl\":\"https:\\\/\\\/www.galeriariver.com\\\/wp-content\\\/uploads\\\/sites\\\/2\\\/2021\\\/03\\\/GALERIA_RIVER-DOUBLE_12.jpg\",\"width\":2560,\"height\":1708},{\"@type\":\"BreadcrumbList\",\"@id\":\"https:\\\/\\\/www.galeriariver.com\\\/sl\\\/pravila-in-pogoji-rezervacije\\\/#breadcrumb\",\"itemListElement\":[{\"@type\":\"ListItem\",\"position\":1,\"name\":\"Home\",\"item\":\"https:\\\/\\\/www.galeriariver.com\\\/sl\\\/\"},{\"@type\":\"ListItem\",\"position\":2,\"name\":\"Pravila in pogoji rezervacije\"}]},{\"@type\":\"WebSite\",\"@id\":\"https:\\\/\\\/www.galeriariver.com\\\/sl\\\/#website\",\"url\":\"https:\\\/\\\/www.galeriariver.com\\\/sl\\\/\",\"name\":\"Galeria River\",\"description\":\"Galeria River, Your Home in Ljubljana\",\"publisher\":{\"@id\":\"https:\\\/\\\/www.galeriariver.com\\\/sl\\\/#organization\"},\"potentialAction\":[{\"@type\":\"SearchAction\",\"target\":{\"@type\":\"EntryPoint\",\"urlTemplate\":\"https:\\\/\\\/www.galeriariver.com\\\/sl\\\/?s={search_term_string}\"},\"query-input\":{\"@type\":\"PropertyValueSpecification\",\"valueRequired\":true,\"valueName\":\"search_term_string\"}}],\"inLanguage\":\"sl-SI\"},{\"@type\":\"Organization\",\"@id\":\"https:\\\/\\\/www.galeriariver.com\\\/sl\\\/#organization\",\"name\":\"Galeria River\",\"url\":\"https:\\\/\\\/www.galeriariver.com\\\/sl\\\/\",\"logo\":{\"@type\":\"ImageObject\",\"inLanguage\":\"sl-SI\",\"@id\":\"https:\\\/\\\/www.galeriariver.com\\\/sl\\\/#\\\/schema\\\/logo\\\/image\\\/\",\"url\":\"https:\\\/\\\/www.galeriariver.com\\\/wp-content\\\/uploads\\\/sites\\\/2\\\/2020\\\/12\\\/logo.png\",\"contentUrl\":\"https:\\\/\\\/www.galeriariver.com\\\/wp-content\\\/uploads\\\/sites\\\/2\\\/2020\\\/12\\\/logo.png\",\"width\":270,\"height\":90,\"caption\":\"Galeria River\"},\"image\":{\"@id\":\"https:\\\/\\\/www.galeriariver.com\\\/sl\\\/#\\\/schema\\\/logo\\\/image\\\/\"},\"sameAs\":[\"https:\\\/\\\/www.facebook.com\\\/galeriariverljubljana\",\"https:\\\/\\\/www.instagram.com\\\/galeria.river\\\/\",\"https:\\\/\\\/www.linkedin.com\\\/my-company\\\/burja-hotels\"]}]}<\/script>\n<!-- \/ Yoast SEO plugin. -->","yoast_head_json":{"title":"Pravila in pogoji rezervacije | Galeria River | Burja Hotels","description":"Pravila in pogoje rezervacije smo vzpostavili, da bi spodbudili ozave\u0161\u010denost in varnost na\u0161ih gostov ter njihovo prijetno izku\u0161njo.","robots":{"index":"index","follow":"follow","max-snippet":"max-snippet:-1","max-image-preview":"max-image-preview:large","max-video-preview":"max-video-preview:-1"},"canonical":"https:\/\/www.galeriariver.com\/sl\/pravila-in-pogoji-rezervacije\/","og_locale":"sl_SI","og_type":"article","og_title":"Pravila in pogoji rezervacije | Galeria River | Burja Hotels","og_description":"Pravila in pogoje rezervacije smo vzpostavili, da bi spodbudili ozave\u0161\u010denost in varnost na\u0161ih gostov ter njihovo prijetno izku\u0161njo.","og_url":"https:\/\/www.galeriariver.com\/sl\/pravila-in-pogoji-rezervacije\/","og_site_name":"Galeria River","article_publisher":"https:\/\/www.facebook.com\/galeriariverljubljana","article_modified_time":"2026-04-05T11:29:10+00:00","og_image":[{"width":2560,"height":1708,"url":"https:\/\/www.galeriariver.com\/wp-content\/uploads\/sites\/2\/2021\/03\/GALERIA_RIVER-DOUBLE_12.jpg","type":"image\/jpeg"}],"twitter_card":"summary_large_image","twitter_misc":{"Est. reading time":"1 minuta"},"schema":{"@context":"https:\/\/schema.org","@graph":[{"@type":"WebPage","@id":"https:\/\/www.galeriariver.com\/sl\/pravila-in-pogoji-rezervacije\/","url":"https:\/\/www.galeriariver.com\/sl\/pravila-in-pogoji-rezervacije\/","name":"Pravila in pogoji rezervacije | Galeria River | Burja Hotels","isPartOf":{"@id":"https:\/\/www.galeriariver.com\/sl\/#website"},"primaryImageOfPage":{"@id":"https:\/\/www.galeriariver.com\/sl\/pravila-in-pogoji-rezervacije\/#primaryimage"},"image":{"@id":"https:\/\/www.galeriariver.com\/sl\/pravila-in-pogoji-rezervacije\/#primaryimage"},"thumbnailUrl":"https:\/\/www.galeriariver.com\/wp-content\/uploads\/sites\/2\/2021\/03\/GALERIA_RIVER-DOUBLE_12.jpg","datePublished":"2020-10-21T07:43:29+00:00","dateModified":"2026-04-05T11:29:10+00:00","description":"Pravila in pogoje rezervacije smo vzpostavili, da bi spodbudili ozave\u0161\u010denost in varnost na\u0161ih gostov ter njihovo prijetno izku\u0161njo.","breadcrumb":{"@id":"https:\/\/www.galeriariver.com\/sl\/pravila-in-pogoji-rezervacije\/#breadcrumb"},"inLanguage":"sl-SI","potentialAction":[{"@type":"ReadAction","target":["https:\/\/www.galeriariver.com\/sl\/pravila-in-pogoji-rezervacije\/"]}]},{"@type":"ImageObject","inLanguage":"sl-SI","@id":"https:\/\/www.galeriariver.com\/sl\/pravila-in-pogoji-rezervacije\/#primaryimage","url":"https:\/\/www.galeriariver.com\/wp-content\/uploads\/sites\/2\/2021\/03\/GALERIA_RIVER-DOUBLE_12.jpg","contentUrl":"https:\/\/www.galeriariver.com\/wp-content\/uploads\/sites\/2\/2021\/03\/GALERIA_RIVER-DOUBLE_12.jpg","width":2560,"height":1708},{"@type":"BreadcrumbList","@id":"https:\/\/www.galeriariver.com\/sl\/pravila-in-pogoji-rezervacije\/#breadcrumb","itemListElement":[{"@type":"ListItem","position":1,"name":"Home","item":"https:\/\/www.galeriariver.com\/sl\/"},{"@type":"ListItem","position":2,"name":"Pravila in pogoji rezervacije"}]},{"@type":"WebSite","@id":"https:\/\/www.galeriariver.com\/sl\/#website","url":"https:\/\/www.galeriariver.com\/sl\/","name":"Galeria River","description":"Galeria River, Your Home in Ljubljana","publisher":{"@id":"https:\/\/www.galeriariver.com\/sl\/#organization"},"potentialAction":[{"@type":"SearchAction","target":{"@type":"EntryPoint","urlTemplate":"https:\/\/www.galeriariver.com\/sl\/?s={search_term_string}"},"query-input":{"@type":"PropertyValueSpecification","valueRequired":true,"valueName":"search_term_string"}}],"inLanguage":"sl-SI"},{"@type":"Organization","@id":"https:\/\/www.galeriariver.com\/sl\/#organization","name":"Galeria River","url":"https:\/\/www.galeriariver.com\/sl\/","logo":{"@type":"ImageObject","inLanguage":"sl-SI","@id":"https:\/\/www.galeriariver.com\/sl\/#\/schema\/logo\/image\/","url":"https:\/\/www.galeriariver.com\/wp-content\/uploads\/sites\/2\/2020\/12\/logo.png","contentUrl":"https:\/\/www.galeriariver.com\/wp-content\/uploads\/sites\/2\/2020\/12\/logo.png","width":270,"height":90,"caption":"Galeria River"},"image":{"@id":"https:\/\/www.galeriariver.com\/sl\/#\/schema\/logo\/image\/"},"sameAs":["https:\/\/www.facebook.com\/galeriariverljubljana","https:\/\/www.instagram.com\/galeria.river\/","https:\/\/www.linkedin.com\/my-company\/burja-hotels"]}]}},"_links":{"self":[{"href":"https:\/\/www.galeriariver.com\/sl\/wp-json\/wp\/v2\/pages\/1952","targetHints":{"allow":["GET"]}}],"collection":[{"href":"https:\/\/www.galeriariver.com\/sl\/wp-json\/wp\/v2\/pages"}],"about":[{"href":"https:\/\/www.galeriariver.com\/sl\/wp-json\/wp\/v2\/types\/page"}],"author":[{"embeddable":true,"href":"https:\/\/www.galeriariver.com\/sl\/wp-json\/wp\/v2\/users\/1"}],"replies":[{"embeddable":true,"href":"https:\/\/www.galeriariver.com\/sl\/wp-json\/wp\/v2\/comments?post=1952"}],"version-history":[{"count":125,"href":"https:\/\/www.galeriariver.com\/sl\/wp-json\/wp\/v2\/pages\/1952\/revisions"}],"predecessor-version":[{"id":8040,"href":"https:\/\/www.galeriariver.com\/sl\/wp-json\/wp\/v2\/pages\/1952\/revisions\/8040"}],"wp:featuredmedia":[{"embeddable":true,"href":"https:\/\/www.galeriariver.com\/sl\/wp-json\/wp\/v2\/media\/2015"}],"wp:attachment":[{"href":"https:\/\/www.galeriariver.com\/sl\/wp-json\/wp\/v2\/media?parent=1952"}],"curies":[{"name":"wp","href":"https:\/\/api.w.org\/{rel}","templated":true}]}}