{"id":1916,"date":"2020-09-29T09:10:42","date_gmt":"2020-09-29T09:10:42","guid":{"rendered":"https:\/\/www.galeriariver.com\/about-us\/"},"modified":"2025-11-10T20:40:37","modified_gmt":"2025-11-10T19:40:37","slug":"nasa-zgodba","status":"publish","type":"page","link":"https:\/\/www.galeriariver.com\/sl\/nasa-zgodba\/","title":{"rendered":"Na\u0161a zgodba"},"content":{"rendered":"","protected":false},"excerpt":{"rendered":"<p> [&#8230;]<\/p>\n<p><a class=\"btn btn-secondary understrap-read-more-link\" href=\"https:\/\/www.galeriariver.com\/sl\/nasa-zgodba\/\">Preberi ve\u010d\u2026<\/a><\/p>\n","protected":false},"author":1,"featured_media":5373,"parent":0,"menu_order":0,"comment_status":"closed","ping_status":"closed","template":"page-templates\/content-about.php","meta":{"_acf_changed":false,"footnotes":""},"class_list":["post-1916","page","type-page","status-publish","has-post-thumbnail","hentry"],"acf":[],"yoast_head":"<!-- This site is optimized with the Yoast SEO plugin v27.4 - https:\/\/yoast.com\/product\/yoast-seo-wordpress\/ -->\n<title>Galeria River | Burja Hotels: Na\u0161a zgodba strasti in sanj<\/title>\n<meta name=\"description\" content=\"Kdo smo? Multikulturna dru\u017eina in popotni\u0161ki navdu\u0161enci, \u010digar strast do odkrivanja novih krajev nas je pribli\u017eala turizmu.\" \/>\n<meta name=\"robots\" content=\"index, follow, max-snippet:-1, max-image-preview:large, max-video-preview:-1\" \/>\n<link rel=\"canonical\" href=\"https:\/\/www.galeriariver.com\/sl\/nasa-zgodba\/\" \/>\n<meta property=\"og:locale\" content=\"sl_SI\" \/>\n<meta property=\"og:type\" content=\"article\" \/>\n<meta property=\"og:title\" content=\"Burja Hotels: Na\u0161a zgodba strasti in sanj | Galeria River\" \/>\n<meta property=\"og:description\" content=\"Na\u0161a zgodba je zgodba ve\u010dkulturne dru\u017eine in popotni\u0161kih navdu\u0161encev, \u010digar strast do odkrivanja novih krajev jo je pribli\u017eala turizmu.\" \/>\n<meta property=\"og:url\" content=\"https:\/\/www.galeriariver.com\/sl\/nasa-zgodba\/\" \/>\n<meta property=\"og:site_name\" content=\"Galeria River\" \/>\n<meta property=\"article:publisher\" content=\"https:\/\/www.facebook.com\/galeriariverljubljana\" \/>\n<meta property=\"article:modified_time\" content=\"2025-11-10T19:40:37+00:00\" \/>\n<meta property=\"og:image\" content=\"https:\/\/www.galeriariver.com\/wp-content\/uploads\/sites\/2\/2021\/04\/GALERIA-RIVER_ABOUT-US-01-1.jpg\" \/>\n\t<meta property=\"og:image:width\" content=\"2560\" \/>\n\t<meta property=\"og:image:height\" content=\"1700\" \/>\n\t<meta property=\"og:image:type\" content=\"image\/jpeg\" \/>\n<meta name=\"twitter:card\" content=\"summary_large_image\" \/>\n<meta name=\"twitter:title\" content=\"Burja Hotels: Na\u0161a zgodba strasti in sanj | Galeria River\" \/>\n<meta name=\"twitter:description\" content=\"Na\u0161a zgodba je zgodba ve\u010dkulturne dru\u017eine in popotni\u0161kih navdu\u0161encev, \u010digar strast do odkrivanja novih krajev jo je pribli\u017eala turizmu.\" \/>\n<meta name=\"twitter:image\" content=\"https:\/\/www.galeriariver.com\/wp-content\/uploads\/sites\/2\/2021\/04\/GALERIA-RIVER_ABOUT-US-01-1.jpg\" \/>\n<meta name=\"twitter:label1\" content=\"Est. reading time\" \/>\n\t<meta name=\"twitter:data1\" content=\"1 minuta\" \/>\n<script type=\"application\/ld+json\" class=\"yoast-schema-graph\">{\"@context\":\"https:\\\/\\\/schema.org\",\"@graph\":[{\"@type\":\"WebPage\",\"@id\":\"https:\\\/\\\/www.galeriariver.com\\\/sl\\\/nasa-zgodba\\\/\",\"url\":\"https:\\\/\\\/www.galeriariver.com\\\/sl\\\/nasa-zgodba\\\/\",\"name\":\"Galeria River | Burja Hotels: Na\u0161a zgodba strasti in sanj\",\"isPartOf\":{\"@id\":\"https:\\\/\\\/www.galeriariver.com\\\/sl\\\/#website\"},\"primaryImageOfPage\":{\"@id\":\"https:\\\/\\\/www.galeriariver.com\\\/sl\\\/nasa-zgodba\\\/#primaryimage\"},\"image\":{\"@id\":\"https:\\\/\\\/www.galeriariver.com\\\/sl\\\/nasa-zgodba\\\/#primaryimage\"},\"thumbnailUrl\":\"https:\\\/\\\/www.galeriariver.com\\\/wp-content\\\/uploads\\\/sites\\\/2\\\/2022\\\/09\\\/WEB-GALERIA_RIVER-ABOUT_US-cover_image.jpg\",\"datePublished\":\"2020-09-29T09:10:42+00:00\",\"dateModified\":\"2025-11-10T19:40:37+00:00\",\"description\":\"Kdo smo? Multikulturna dru\u017eina in popotni\u0161ki navdu\u0161enci, \u010digar strast do odkrivanja novih krajev nas je pribli\u017eala turizmu.\",\"breadcrumb\":{\"@id\":\"https:\\\/\\\/www.galeriariver.com\\\/sl\\\/nasa-zgodba\\\/#breadcrumb\"},\"inLanguage\":\"sl-SI\",\"potentialAction\":[{\"@type\":\"ReadAction\",\"target\":[\"https:\\\/\\\/www.galeriariver.com\\\/sl\\\/nasa-zgodba\\\/\"]}]},{\"@type\":\"ImageObject\",\"inLanguage\":\"sl-SI\",\"@id\":\"https:\\\/\\\/www.galeriariver.com\\\/sl\\\/nasa-zgodba\\\/#primaryimage\",\"url\":\"https:\\\/\\\/www.galeriariver.com\\\/wp-content\\\/uploads\\\/sites\\\/2\\\/2022\\\/09\\\/WEB-GALERIA_RIVER-ABOUT_US-cover_image.jpg\",\"contentUrl\":\"https:\\\/\\\/www.galeriariver.com\\\/wp-content\\\/uploads\\\/sites\\\/2\\\/2022\\\/09\\\/WEB-GALERIA_RIVER-ABOUT_US-cover_image.jpg\",\"width\":1024,\"height\":680,\"caption\":\"Galeria River - Our Story\"},{\"@type\":\"BreadcrumbList\",\"@id\":\"https:\\\/\\\/www.galeriariver.com\\\/sl\\\/nasa-zgodba\\\/#breadcrumb\",\"itemListElement\":[{\"@type\":\"ListItem\",\"position\":1,\"name\":\"Home\",\"item\":\"https:\\\/\\\/www.galeriariver.com\\\/sl\\\/\"},{\"@type\":\"ListItem\",\"position\":2,\"name\":\"Na\u0161a zgodba\"}]},{\"@type\":\"WebSite\",\"@id\":\"https:\\\/\\\/www.galeriariver.com\\\/sl\\\/#website\",\"url\":\"https:\\\/\\\/www.galeriariver.com\\\/sl\\\/\",\"name\":\"Galeria River\",\"description\":\"Galeria River, Your Home in Ljubljana\",\"publisher\":{\"@id\":\"https:\\\/\\\/www.galeriariver.com\\\/sl\\\/#organization\"},\"potentialAction\":[{\"@type\":\"SearchAction\",\"target\":{\"@type\":\"EntryPoint\",\"urlTemplate\":\"https:\\\/\\\/www.galeriariver.com\\\/sl\\\/?s={search_term_string}\"},\"query-input\":{\"@type\":\"PropertyValueSpecification\",\"valueRequired\":true,\"valueName\":\"search_term_string\"}}],\"inLanguage\":\"sl-SI\"},{\"@type\":\"Organization\",\"@id\":\"https:\\\/\\\/www.galeriariver.com\\\/sl\\\/#organization\",\"name\":\"Galeria River\",\"url\":\"https:\\\/\\\/www.galeriariver.com\\\/sl\\\/\",\"logo\":{\"@type\":\"ImageObject\",\"inLanguage\":\"sl-SI\",\"@id\":\"https:\\\/\\\/www.galeriariver.com\\\/sl\\\/#\\\/schema\\\/logo\\\/image\\\/\",\"url\":\"https:\\\/\\\/www.galeriariver.com\\\/wp-content\\\/uploads\\\/sites\\\/2\\\/2020\\\/12\\\/logo.png\",\"contentUrl\":\"https:\\\/\\\/www.galeriariver.com\\\/wp-content\\\/uploads\\\/sites\\\/2\\\/2020\\\/12\\\/logo.png\",\"width\":270,\"height\":90,\"caption\":\"Galeria River\"},\"image\":{\"@id\":\"https:\\\/\\\/www.galeriariver.com\\\/sl\\\/#\\\/schema\\\/logo\\\/image\\\/\"},\"sameAs\":[\"https:\\\/\\\/www.facebook.com\\\/galeriariverljubljana\",\"https:\\\/\\\/www.instagram.com\\\/galeria.river\\\/\",\"https:\\\/\\\/www.linkedin.com\\\/my-company\\\/burja-hotels\"]}]}<\/script>\n<!-- \/ Yoast SEO plugin. -->","yoast_head_json":{"title":"Galeria River | Burja Hotels: Na\u0161a zgodba strasti in sanj","description":"Kdo smo? Multikulturna dru\u017eina in popotni\u0161ki navdu\u0161enci, \u010digar strast do odkrivanja novih krajev nas je pribli\u017eala turizmu.","robots":{"index":"index","follow":"follow","max-snippet":"max-snippet:-1","max-image-preview":"max-image-preview:large","max-video-preview":"max-video-preview:-1"},"canonical":"https:\/\/www.galeriariver.com\/sl\/nasa-zgodba\/","og_locale":"sl_SI","og_type":"article","og_title":"Burja Hotels: Na\u0161a zgodba strasti in sanj | Galeria River","og_description":"Na\u0161a zgodba je zgodba ve\u010dkulturne dru\u017eine in popotni\u0161kih navdu\u0161encev, \u010digar strast do odkrivanja novih krajev jo je pribli\u017eala turizmu.","og_url":"https:\/\/www.galeriariver.com\/sl\/nasa-zgodba\/","og_site_name":"Galeria River","article_publisher":"https:\/\/www.facebook.com\/galeriariverljubljana","article_modified_time":"2025-11-10T19:40:37+00:00","og_image":[{"width":2560,"height":1700,"url":"https:\/\/www.galeriariver.com\/wp-content\/uploads\/sites\/2\/2021\/04\/GALERIA-RIVER_ABOUT-US-01-1.jpg","type":"image\/jpeg"}],"twitter_card":"summary_large_image","twitter_title":"Burja Hotels: Na\u0161a zgodba strasti in sanj | Galeria River","twitter_description":"Na\u0161a zgodba je zgodba ve\u010dkulturne dru\u017eine in popotni\u0161kih navdu\u0161encev, \u010digar strast do odkrivanja novih krajev jo je pribli\u017eala turizmu.","twitter_image":"https:\/\/www.galeriariver.com\/wp-content\/uploads\/sites\/2\/2021\/04\/GALERIA-RIVER_ABOUT-US-01-1.jpg","twitter_misc":{"Est. reading time":"1 minuta"},"schema":{"@context":"https:\/\/schema.org","@graph":[{"@type":"WebPage","@id":"https:\/\/www.galeriariver.com\/sl\/nasa-zgodba\/","url":"https:\/\/www.galeriariver.com\/sl\/nasa-zgodba\/","name":"Galeria River | Burja Hotels: Na\u0161a zgodba strasti in sanj","isPartOf":{"@id":"https:\/\/www.galeriariver.com\/sl\/#website"},"primaryImageOfPage":{"@id":"https:\/\/www.galeriariver.com\/sl\/nasa-zgodba\/#primaryimage"},"image":{"@id":"https:\/\/www.galeriariver.com\/sl\/nasa-zgodba\/#primaryimage"},"thumbnailUrl":"https:\/\/www.galeriariver.com\/wp-content\/uploads\/sites\/2\/2022\/09\/WEB-GALERIA_RIVER-ABOUT_US-cover_image.jpg","datePublished":"2020-09-29T09:10:42+00:00","dateModified":"2025-11-10T19:40:37+00:00","description":"Kdo smo? Multikulturna dru\u017eina in popotni\u0161ki navdu\u0161enci, \u010digar strast do odkrivanja novih krajev nas je pribli\u017eala turizmu.","breadcrumb":{"@id":"https:\/\/www.galeriariver.com\/sl\/nasa-zgodba\/#breadcrumb"},"inLanguage":"sl-SI","potentialAction":[{"@type":"ReadAction","target":["https:\/\/www.galeriariver.com\/sl\/nasa-zgodba\/"]}]},{"@type":"ImageObject","inLanguage":"sl-SI","@id":"https:\/\/www.galeriariver.com\/sl\/nasa-zgodba\/#primaryimage","url":"https:\/\/www.galeriariver.com\/wp-content\/uploads\/sites\/2\/2022\/09\/WEB-GALERIA_RIVER-ABOUT_US-cover_image.jpg","contentUrl":"https:\/\/www.galeriariver.com\/wp-content\/uploads\/sites\/2\/2022\/09\/WEB-GALERIA_RIVER-ABOUT_US-cover_image.jpg","width":1024,"height":680,"caption":"Galeria River - Our Story"},{"@type":"BreadcrumbList","@id":"https:\/\/www.galeriariver.com\/sl\/nasa-zgodba\/#breadcrumb","itemListElement":[{"@type":"ListItem","position":1,"name":"Home","item":"https:\/\/www.galeriariver.com\/sl\/"},{"@type":"ListItem","position":2,"name":"Na\u0161a zgodba"}]},{"@type":"WebSite","@id":"https:\/\/www.galeriariver.com\/sl\/#website","url":"https:\/\/www.galeriariver.com\/sl\/","name":"Galeria River","description":"Galeria River, Your Home in Ljubljana","publisher":{"@id":"https:\/\/www.galeriariver.com\/sl\/#organization"},"potentialAction":[{"@type":"SearchAction","target":{"@type":"EntryPoint","urlTemplate":"https:\/\/www.galeriariver.com\/sl\/?s={search_term_string}"},"query-input":{"@type":"PropertyValueSpecification","valueRequired":true,"valueName":"search_term_string"}}],"inLanguage":"sl-SI"},{"@type":"Organization","@id":"https:\/\/www.galeriariver.com\/sl\/#organization","name":"Galeria River","url":"https:\/\/www.galeriariver.com\/sl\/","logo":{"@type":"ImageObject","inLanguage":"sl-SI","@id":"https:\/\/www.galeriariver.com\/sl\/#\/schema\/logo\/image\/","url":"https:\/\/www.galeriariver.com\/wp-content\/uploads\/sites\/2\/2020\/12\/logo.png","contentUrl":"https:\/\/www.galeriariver.com\/wp-content\/uploads\/sites\/2\/2020\/12\/logo.png","width":270,"height":90,"caption":"Galeria River"},"image":{"@id":"https:\/\/www.galeriariver.com\/sl\/#\/schema\/logo\/image\/"},"sameAs":["https:\/\/www.facebook.com\/galeriariverljubljana","https:\/\/www.instagram.com\/galeria.river\/","https:\/\/www.linkedin.com\/my-company\/burja-hotels"]}]}},"_links":{"self":[{"href":"https:\/\/www.galeriariver.com\/sl\/wp-json\/wp\/v2\/pages\/1916","targetHints":{"allow":["GET"]}}],"collection":[{"href":"https:\/\/www.galeriariver.com\/sl\/wp-json\/wp\/v2\/pages"}],"about":[{"href":"https:\/\/www.galeriariver.com\/sl\/wp-json\/wp\/v2\/types\/page"}],"author":[{"embeddable":true,"href":"https:\/\/www.galeriariver.com\/sl\/wp-json\/wp\/v2\/users\/1"}],"replies":[{"embeddable":true,"href":"https:\/\/www.galeriariver.com\/sl\/wp-json\/wp\/v2\/comments?post=1916"}],"version-history":[{"count":36,"href":"https:\/\/www.galeriariver.com\/sl\/wp-json\/wp\/v2\/pages\/1916\/revisions"}],"predecessor-version":[{"id":7918,"href":"https:\/\/www.galeriariver.com\/sl\/wp-json\/wp\/v2\/pages\/1916\/revisions\/7918"}],"wp:featuredmedia":[{"embeddable":true,"href":"https:\/\/www.galeriariver.com\/sl\/wp-json\/wp\/v2\/media\/5373"}],"wp:attachment":[{"href":"https:\/\/www.galeriariver.com\/sl\/wp-json\/wp\/v2\/media?parent=1916"}],"curies":[{"name":"wp","href":"https:\/\/api.w.org\/{rel}","templated":true}]}}