{"id":1914,"date":"2021-06-01T14:57:03","date_gmt":"2021-06-01T12:57:03","guid":{"rendered":"https:\/\/www.galeriariver.com\/book-a-room\/"},"modified":"2025-05-28T16:32:41","modified_gmt":"2025-05-28T14:32:41","slug":"rezerviraj-sobo","status":"publish","type":"page","link":"https:\/\/www.galeriariver.com\/sl\/rezerviraj-sobo\/","title":{"rendered":"Rezervirajte va\u0161o sobo"},"content":{"rendered":"","protected":false},"excerpt":{"rendered":"<p> [&#8230;]<\/p>\n<p><a class=\"btn btn-secondary understrap-read-more-link\" href=\"https:\/\/www.galeriariver.com\/sl\/rezerviraj-sobo\/\">Preberi ve\u010d\u2026<\/a><\/p>\n","protected":false},"author":1,"featured_media":5404,"parent":0,"menu_order":0,"comment_status":"closed","ping_status":"closed","template":"page-templates\/booking_form.php","meta":{"_acf_changed":false,"footnotes":""},"class_list":["post-1914","page","type-page","status-publish","has-post-thumbnail","hentry"],"acf":[],"yoast_head":"<!-- This site is optimized with the Yoast SEO plugin v27.4 - https:\/\/yoast.com\/product\/yoast-seo-wordpress\/ -->\n<title>Galeria River: Va\u0161 dom v Ljubljani | Rezerviraj po najbolj\u0161i ceni&quot;<\/title>\n<meta name=\"description\" content=\"Galeria River vabi na oddih v svoje udobne ter elegantne sobe v v Zoisovi pala\u010di iz 18. stoletja, v sredi\u0161\u010du Ljubljane. Rezervirajte zdaj.\" \/>\n<meta name=\"robots\" content=\"index, follow, max-snippet:-1, max-image-preview:large, max-video-preview:-1\" \/>\n<link rel=\"canonical\" href=\"https:\/\/www.galeriariver.com\/sl\/rezerviraj-sobo\/\" \/>\n<meta property=\"og:locale\" content=\"sl_SI\" \/>\n<meta property=\"og:type\" content=\"article\" \/>\n<meta property=\"og:title\" content=\"Rezervirajte va\u0161o sobo v Galeria River | Burja Hotels\" \/>\n<meta property=\"og:description\" content=\"Dobrodo\u0161li v Galerio River, o\u010darljivo buti\u010dno nastanitev z ekskluzivno lokacijo v sredi\u0161\u010du Ljubljane. Rezervirajte sobo po najbolj\u0161i ceni.\" \/>\n<meta property=\"og:url\" content=\"https:\/\/www.galeriariver.com\/sl\/rezerviraj-sobo\/\" \/>\n<meta property=\"og:site_name\" content=\"Galeria River\" \/>\n<meta property=\"article:publisher\" content=\"https:\/\/www.facebook.com\/galeriariverljubljana\" \/>\n<meta property=\"article:modified_time\" content=\"2025-05-28T14:32:41+00:00\" \/>\n<meta property=\"og:image\" content=\"https:\/\/www.galeriariver.com\/wp-content\/uploads\/sites\/2\/2021\/03\/GALERIA_RIVER-DOUBLE_12.jpg\" \/>\n\t<meta property=\"og:image:width\" content=\"2560\" \/>\n\t<meta property=\"og:image:height\" content=\"1708\" \/>\n\t<meta property=\"og:image:type\" content=\"image\/jpeg\" \/>\n<meta name=\"twitter:card\" content=\"summary_large_image\" \/>\n<meta name=\"twitter:title\" content=\"Rezervirajte va\u0161o sobo v Galeria River | Burja Hotels\" \/>\n<meta name=\"twitter:description\" content=\"Dobrodo\u0161li v Galerio River, o\u010darljivo buti\u010dno nastanitev z ekskluzivno lokacijo v sredi\u0161\u010du Ljubljane. Rezervirajte sobo po najbolj\u0161i ceni.\" \/>\n<meta name=\"twitter:image\" content=\"https:\/\/www.galeriariver.com\/wp-content\/uploads\/sites\/2\/2021\/03\/GALERIA_RIVER-DOUBLE_12.jpg\" \/>\n<meta name=\"twitter:label1\" content=\"Est. reading time\" \/>\n\t<meta name=\"twitter:data1\" content=\"1 minuta\" \/>\n<script type=\"application\/ld+json\" class=\"yoast-schema-graph\">{\"@context\":\"https:\\\/\\\/schema.org\",\"@graph\":[{\"@type\":\"WebPage\",\"@id\":\"https:\\\/\\\/www.galeriariver.com\\\/sl\\\/rezerviraj-sobo\\\/\",\"url\":\"https:\\\/\\\/www.galeriariver.com\\\/sl\\\/rezerviraj-sobo\\\/\",\"name\":\"Galeria River: Va\u0161 dom v Ljubljani | Rezerviraj po najbolj\u0161i ceni\\\"\",\"isPartOf\":{\"@id\":\"https:\\\/\\\/www.galeriariver.com\\\/sl\\\/#website\"},\"primaryImageOfPage\":{\"@id\":\"https:\\\/\\\/www.galeriariver.com\\\/sl\\\/rezerviraj-sobo\\\/#primaryimage\"},\"image\":{\"@id\":\"https:\\\/\\\/www.galeriariver.com\\\/sl\\\/rezerviraj-sobo\\\/#primaryimage\"},\"thumbnailUrl\":\"https:\\\/\\\/www.galeriariver.com\\\/wp-content\\\/uploads\\\/sites\\\/2\\\/2022\\\/09\\\/GALERIA_RIVER-DOUBLE_ROOM-07.jpg\",\"datePublished\":\"2021-06-01T12:57:03+00:00\",\"dateModified\":\"2025-05-28T14:32:41+00:00\",\"description\":\"Galeria River vabi na oddih v svoje udobne ter elegantne sobe v v Zoisovi pala\u010di iz 18. stoletja, v sredi\u0161\u010du Ljubljane. Rezervirajte zdaj.\",\"breadcrumb\":{\"@id\":\"https:\\\/\\\/www.galeriariver.com\\\/sl\\\/rezerviraj-sobo\\\/#breadcrumb\"},\"inLanguage\":\"sl-SI\",\"potentialAction\":[{\"@type\":\"ReadAction\",\"target\":[\"https:\\\/\\\/www.galeriariver.com\\\/sl\\\/rezerviraj-sobo\\\/\"]}]},{\"@type\":\"ImageObject\",\"inLanguage\":\"sl-SI\",\"@id\":\"https:\\\/\\\/www.galeriariver.com\\\/sl\\\/rezerviraj-sobo\\\/#primaryimage\",\"url\":\"https:\\\/\\\/www.galeriariver.com\\\/wp-content\\\/uploads\\\/sites\\\/2\\\/2022\\\/09\\\/GALERIA_RIVER-DOUBLE_ROOM-07.jpg\",\"contentUrl\":\"https:\\\/\\\/www.galeriariver.com\\\/wp-content\\\/uploads\\\/sites\\\/2\\\/2022\\\/09\\\/GALERIA_RIVER-DOUBLE_ROOM-07.jpg\",\"width\":2000,\"height\":1335,\"caption\":\"Galeria River - Double Room\"},{\"@type\":\"BreadcrumbList\",\"@id\":\"https:\\\/\\\/www.galeriariver.com\\\/sl\\\/rezerviraj-sobo\\\/#breadcrumb\",\"itemListElement\":[{\"@type\":\"ListItem\",\"position\":1,\"name\":\"Home\",\"item\":\"https:\\\/\\\/www.galeriariver.com\\\/sl\\\/\"},{\"@type\":\"ListItem\",\"position\":2,\"name\":\"Rezervirajte va\u0161o sobo\"}]},{\"@type\":\"WebSite\",\"@id\":\"https:\\\/\\\/www.galeriariver.com\\\/sl\\\/#website\",\"url\":\"https:\\\/\\\/www.galeriariver.com\\\/sl\\\/\",\"name\":\"Galeria River\",\"description\":\"Galeria River, Your Home in Ljubljana\",\"publisher\":{\"@id\":\"https:\\\/\\\/www.galeriariver.com\\\/sl\\\/#organization\"},\"potentialAction\":[{\"@type\":\"SearchAction\",\"target\":{\"@type\":\"EntryPoint\",\"urlTemplate\":\"https:\\\/\\\/www.galeriariver.com\\\/sl\\\/?s={search_term_string}\"},\"query-input\":{\"@type\":\"PropertyValueSpecification\",\"valueRequired\":true,\"valueName\":\"search_term_string\"}}],\"inLanguage\":\"sl-SI\"},{\"@type\":\"Organization\",\"@id\":\"https:\\\/\\\/www.galeriariver.com\\\/sl\\\/#organization\",\"name\":\"Galeria River\",\"url\":\"https:\\\/\\\/www.galeriariver.com\\\/sl\\\/\",\"logo\":{\"@type\":\"ImageObject\",\"inLanguage\":\"sl-SI\",\"@id\":\"https:\\\/\\\/www.galeriariver.com\\\/sl\\\/#\\\/schema\\\/logo\\\/image\\\/\",\"url\":\"https:\\\/\\\/www.galeriariver.com\\\/wp-content\\\/uploads\\\/sites\\\/2\\\/2020\\\/12\\\/logo.png\",\"contentUrl\":\"https:\\\/\\\/www.galeriariver.com\\\/wp-content\\\/uploads\\\/sites\\\/2\\\/2020\\\/12\\\/logo.png\",\"width\":270,\"height\":90,\"caption\":\"Galeria River\"},\"image\":{\"@id\":\"https:\\\/\\\/www.galeriariver.com\\\/sl\\\/#\\\/schema\\\/logo\\\/image\\\/\"},\"sameAs\":[\"https:\\\/\\\/www.facebook.com\\\/galeriariverljubljana\",\"https:\\\/\\\/www.instagram.com\\\/galeria.river\\\/\",\"https:\\\/\\\/www.linkedin.com\\\/my-company\\\/burja-hotels\"]}]}<\/script>\n<!-- \/ Yoast SEO plugin. -->","yoast_head_json":{"title":"Galeria River: Va\u0161 dom v Ljubljani | Rezerviraj po najbolj\u0161i ceni\"","description":"Galeria River vabi na oddih v svoje udobne ter elegantne sobe v v Zoisovi pala\u010di iz 18. stoletja, v sredi\u0161\u010du Ljubljane. Rezervirajte zdaj.","robots":{"index":"index","follow":"follow","max-snippet":"max-snippet:-1","max-image-preview":"max-image-preview:large","max-video-preview":"max-video-preview:-1"},"canonical":"https:\/\/www.galeriariver.com\/sl\/rezerviraj-sobo\/","og_locale":"sl_SI","og_type":"article","og_title":"Rezervirajte va\u0161o sobo v Galeria River | Burja Hotels","og_description":"Dobrodo\u0161li v Galerio River, o\u010darljivo buti\u010dno nastanitev z ekskluzivno lokacijo v sredi\u0161\u010du Ljubljane. Rezervirajte sobo po najbolj\u0161i ceni.","og_url":"https:\/\/www.galeriariver.com\/sl\/rezerviraj-sobo\/","og_site_name":"Galeria River","article_publisher":"https:\/\/www.facebook.com\/galeriariverljubljana","article_modified_time":"2025-05-28T14:32:41+00:00","og_image":[{"width":2560,"height":1708,"url":"https:\/\/www.galeriariver.com\/wp-content\/uploads\/sites\/2\/2021\/03\/GALERIA_RIVER-DOUBLE_12.jpg","type":"image\/jpeg"}],"twitter_card":"summary_large_image","twitter_title":"Rezervirajte va\u0161o sobo v Galeria River | Burja Hotels","twitter_description":"Dobrodo\u0161li v Galerio River, o\u010darljivo buti\u010dno nastanitev z ekskluzivno lokacijo v sredi\u0161\u010du Ljubljane. Rezervirajte sobo po najbolj\u0161i ceni.","twitter_image":"https:\/\/www.galeriariver.com\/wp-content\/uploads\/sites\/2\/2021\/03\/GALERIA_RIVER-DOUBLE_12.jpg","twitter_misc":{"Est. reading time":"1 minuta"},"schema":{"@context":"https:\/\/schema.org","@graph":[{"@type":"WebPage","@id":"https:\/\/www.galeriariver.com\/sl\/rezerviraj-sobo\/","url":"https:\/\/www.galeriariver.com\/sl\/rezerviraj-sobo\/","name":"Galeria River: Va\u0161 dom v Ljubljani | Rezerviraj po najbolj\u0161i ceni\"","isPartOf":{"@id":"https:\/\/www.galeriariver.com\/sl\/#website"},"primaryImageOfPage":{"@id":"https:\/\/www.galeriariver.com\/sl\/rezerviraj-sobo\/#primaryimage"},"image":{"@id":"https:\/\/www.galeriariver.com\/sl\/rezerviraj-sobo\/#primaryimage"},"thumbnailUrl":"https:\/\/www.galeriariver.com\/wp-content\/uploads\/sites\/2\/2022\/09\/GALERIA_RIVER-DOUBLE_ROOM-07.jpg","datePublished":"2021-06-01T12:57:03+00:00","dateModified":"2025-05-28T14:32:41+00:00","description":"Galeria River vabi na oddih v svoje udobne ter elegantne sobe v v Zoisovi pala\u010di iz 18. stoletja, v sredi\u0161\u010du Ljubljane. Rezervirajte zdaj.","breadcrumb":{"@id":"https:\/\/www.galeriariver.com\/sl\/rezerviraj-sobo\/#breadcrumb"},"inLanguage":"sl-SI","potentialAction":[{"@type":"ReadAction","target":["https:\/\/www.galeriariver.com\/sl\/rezerviraj-sobo\/"]}]},{"@type":"ImageObject","inLanguage":"sl-SI","@id":"https:\/\/www.galeriariver.com\/sl\/rezerviraj-sobo\/#primaryimage","url":"https:\/\/www.galeriariver.com\/wp-content\/uploads\/sites\/2\/2022\/09\/GALERIA_RIVER-DOUBLE_ROOM-07.jpg","contentUrl":"https:\/\/www.galeriariver.com\/wp-content\/uploads\/sites\/2\/2022\/09\/GALERIA_RIVER-DOUBLE_ROOM-07.jpg","width":2000,"height":1335,"caption":"Galeria River - Double Room"},{"@type":"BreadcrumbList","@id":"https:\/\/www.galeriariver.com\/sl\/rezerviraj-sobo\/#breadcrumb","itemListElement":[{"@type":"ListItem","position":1,"name":"Home","item":"https:\/\/www.galeriariver.com\/sl\/"},{"@type":"ListItem","position":2,"name":"Rezervirajte va\u0161o sobo"}]},{"@type":"WebSite","@id":"https:\/\/www.galeriariver.com\/sl\/#website","url":"https:\/\/www.galeriariver.com\/sl\/","name":"Galeria River","description":"Galeria River, Your Home in Ljubljana","publisher":{"@id":"https:\/\/www.galeriariver.com\/sl\/#organization"},"potentialAction":[{"@type":"SearchAction","target":{"@type":"EntryPoint","urlTemplate":"https:\/\/www.galeriariver.com\/sl\/?s={search_term_string}"},"query-input":{"@type":"PropertyValueSpecification","valueRequired":true,"valueName":"search_term_string"}}],"inLanguage":"sl-SI"},{"@type":"Organization","@id":"https:\/\/www.galeriariver.com\/sl\/#organization","name":"Galeria River","url":"https:\/\/www.galeriariver.com\/sl\/","logo":{"@type":"ImageObject","inLanguage":"sl-SI","@id":"https:\/\/www.galeriariver.com\/sl\/#\/schema\/logo\/image\/","url":"https:\/\/www.galeriariver.com\/wp-content\/uploads\/sites\/2\/2020\/12\/logo.png","contentUrl":"https:\/\/www.galeriariver.com\/wp-content\/uploads\/sites\/2\/2020\/12\/logo.png","width":270,"height":90,"caption":"Galeria River"},"image":{"@id":"https:\/\/www.galeriariver.com\/sl\/#\/schema\/logo\/image\/"},"sameAs":["https:\/\/www.facebook.com\/galeriariverljubljana","https:\/\/www.instagram.com\/galeria.river\/","https:\/\/www.linkedin.com\/my-company\/burja-hotels"]}]}},"_links":{"self":[{"href":"https:\/\/www.galeriariver.com\/sl\/wp-json\/wp\/v2\/pages\/1914","targetHints":{"allow":["GET"]}}],"collection":[{"href":"https:\/\/www.galeriariver.com\/sl\/wp-json\/wp\/v2\/pages"}],"about":[{"href":"https:\/\/www.galeriariver.com\/sl\/wp-json\/wp\/v2\/types\/page"}],"author":[{"embeddable":true,"href":"https:\/\/www.galeriariver.com\/sl\/wp-json\/wp\/v2\/users\/1"}],"replies":[{"embeddable":true,"href":"https:\/\/www.galeriariver.com\/sl\/wp-json\/wp\/v2\/comments?post=1914"}],"version-history":[{"count":18,"href":"https:\/\/www.galeriariver.com\/sl\/wp-json\/wp\/v2\/pages\/1914\/revisions"}],"predecessor-version":[{"id":7878,"href":"https:\/\/www.galeriariver.com\/sl\/wp-json\/wp\/v2\/pages\/1914\/revisions\/7878"}],"wp:featuredmedia":[{"embeddable":true,"href":"https:\/\/www.galeriariver.com\/sl\/wp-json\/wp\/v2\/media\/5404"}],"wp:attachment":[{"href":"https:\/\/www.galeriariver.com\/sl\/wp-json\/wp\/v2\/media?parent=1914"}],"curies":[{"name":"wp","href":"https:\/\/api.w.org\/{rel}","templated":true}]}}